{"id":96892,"date":"2025-09-03T00:00:15","date_gmt":"2025-09-03T06:00:15","guid":{"rendered":"http:\/\/pruebamasdel.ofimat.gt\/?post_type=#038&#038;p=96892"},"modified":"2026-02-11T18:35:46","modified_gmt":"2026-02-12T00:35:46","slug":"mk-rubor-en-gel-passion-fruit-le","status":"publish","type":"product","link":"https:\/\/vuvogt.com\/maykay_sv\/producto\/mk-rubor-en-gel-passion-fruit-le\/","title":{"rendered":"Mk Rubor en Gel Passion Fruit"},"content":{"rendered":"<p>Sigue estos sencillos pasos para conseguir una aplicaci\u00f3n perfecta:<br \/>\n1. Usa los dedos, una brocha o esponja para aplicar y difuminar el producto sobre las mejillas.<br \/>\n2. Para un look natural, aplica con los dedos; para un acabado m\u00e1s definido, usa una brocha.<br \/>\n3. A\u00f1ade m\u00e1s capas para intensificar el color.<\/p>\n<p>&nbsp;<\/p>\n<div class=\"row\"><strong>Key Ingredients<\/strong><\/div>\n<div class=\"row\">Encuentra aqu\u00ed todos los ingredientes que contiene este producto:<br \/>\n\u2022\u00a0<strong>\u00c1cido hialur\u00f3nico<\/strong>: Conocido por sus propiedades hidratantes, ayuda a que las mejillas luzcan m\u00e1s suaves, rellenas y radiantes.<\/div>\n<div><\/div>\n<div>Descubre algunos de los beneficios de este producto:<br \/>\n\u2022 Textura en gel que se desliza suavemente sobre la piel.<br \/>\n\u2022 F\u00f3rmula modulable para personalizar la intensidad del color.<br \/>\n\u2022 Aporta un efecto jugoso y fresco a las mejillas.<br \/>\n\u2022 Sensaci\u00f3n refrescante al contacto con la piel.<\/div>\n","protected":false},"excerpt":{"rendered":"<p>Consigue un rubor fresco y favorecedor con el nuevo Colorete en Gel Mary Kay\u00ae de Edici\u00f3n Limitada. Su f\u00f3rmula en gel aporta un<strong>\u00a0acabado jugoso y natural que se adapta a todos los tonos de piel<\/strong>. Enriquecido con \u00e1cido hialur\u00f3nico, conocido por su capacidad hidratante, y con una agradable sensaci\u00f3n de frescor al aplicarse, este colorete permite conseguir la intensidad deseada, desde un toque sutil hasta un look m\u00e1s impactante.<br \/>\n<strong>Beneficios Clave:<\/strong><br \/>\n\u2022 Textura en ligera y refrescante<br \/>\n\u2022 Color modulable seg\u00fan el tipo de aplicaci\u00f3n<br \/>\n\u2022 Acabado jugoso para un efecto buena cara inmediato<br \/>\n\u2022 Con \u00e1cido hialur\u00f3nico hidratante<\/p>\n<p>\u2020Disponible hasta agotar existencias<\/p>\n","protected":false},"featured_media":96866,"comment_status":"closed","ping_status":"closed","template":"","meta":{"_acf_changed":false},"product_brand":[],"product_cat":[255,258,289],"product_tag":[],"class_list":{"0":"post-96892","1":"product","2":"type-product","3":"status-publish","4":"has-post-thumbnail","6":"product_cat-mejillas","7":"product_cat-rubor","8":"product_cat-seccion-1","10":"first","11":"instock","12":"shipping-taxable","13":"purchasable","14":"product-type-simple","15":"add-to-wishlist-before_image"},"acf":[],"_links":{"self":[{"href":"https:\/\/vuvogt.com\/maykay_sv\/wp-json\/wp\/v2\/product\/96892","targetHints":{"allow":["GET"]}}],"collection":[{"href":"https:\/\/vuvogt.com\/maykay_sv\/wp-json\/wp\/v2\/product"}],"about":[{"href":"https:\/\/vuvogt.com\/maykay_sv\/wp-json\/wp\/v2\/types\/product"}],"replies":[{"embeddable":true,"href":"https:\/\/vuvogt.com\/maykay_sv\/wp-json\/wp\/v2\/comments?post=96892"}],"wp:featuredmedia":[{"embeddable":true,"href":"https:\/\/vuvogt.com\/maykay_sv\/wp-json\/wp\/v2\/media\/96866"}],"wp:attachment":[{"href":"https:\/\/vuvogt.com\/maykay_sv\/wp-json\/wp\/v2\/media?parent=96892"}],"wp:term":[{"taxonomy":"product_brand","embeddable":true,"href":"https:\/\/vuvogt.com\/maykay_sv\/wp-json\/wp\/v2\/product_brand?post=96892"},{"taxonomy":"product_cat","embeddable":true,"href":"https:\/\/vuvogt.com\/maykay_sv\/wp-json\/wp\/v2\/product_cat?post=96892"},{"taxonomy":"product_tag","embeddable":true,"href":"https:\/\/vuvogt.com\/maykay_sv\/wp-json\/wp\/v2\/product_tag?post=96892"}],"curies":[{"name":"wp","href":"https:\/\/api.w.org\/{rel}","templated":true}]}}