{"id":86745,"date":"2025-01-07T00:39:43","date_gmt":"2025-01-07T06:39:43","guid":{"rendered":"http:\/\/pruebamasdel.ofimat.gt\/?post_type=#038&#038;p=86745"},"modified":"2026-02-11T22:43:31","modified_gmt":"2026-02-12T04:43:31","slug":"cliente-preferido-cepillo-limpiador-facial","status":"publish","type":"product","link":"https:\/\/vuvogt.com\/maykay_sv\/producto\/cliente-preferido-cepillo-limpiador-facial\/","title":{"rendered":"Cepillo + Cabezal Skinvigorate\u00ae Sonic&#x2122; Mary kay\u00ae"},"content":{"rendered":"<div class=\"row\">Descripci\u00f3n<\/div>\n<div class=\"row\">\n<p>\u00dasalo con tu limpiador favorito, y selecciona la velocidad deseada para limpiar, masajear y maximizar tu Rutina diaria de Cuidado de la Piel.<strong>3 AJUSTES DE VELOCIDAD<\/strong><\/p>\n<ul>\n<li>Limpieza gentil<\/li>\n<li>Limpieza est\u00e1ndar<\/li>\n<li>Limpieza poderosa<\/li>\n<\/ul>\n<p><strong>60 SEGUNDOS 2 VECES AL D\u00cdA<\/strong><\/p>\n<ul>\n<li>FRENTE = 15 segundos<\/li>\n<li>NARIZ + BARBILLA = 15 segundos<\/li>\n<li>MEJILLAS = 15 segundos cada una<\/li>\n<\/ul>\n<p><em>*El dispositivo no fue dise\u00f1ado para usarse con productos para el acn\u00e9 o protectores solares.\u00a0<\/em><\/p>\n<\/div>\n","protected":false},"excerpt":{"rendered":"<p>Solo necesitas<em>\u00a060 segundos para una<\/em>\u00a0LIMPIEZA S\u00d3NICA SUPERIOR<\/p>\n<p><em>La tecnolog\u00eda inteligente s\u00f3nica ofrece m\u00faltiples beneficios a tu Piel en cuesti\u00f3n de segundos, para una experiencia de Cuidado de la Piel superior en cada uso.<\/em><\/p>\n<ul>\n<li><strong>Cl\u00ednicamente comprobado que remueve 4 veces m\u00e1s suciedad, grasa, impurezas y contaminantes que la limpieza a mano.*<\/strong><\/li>\n<li><strong>3 ajustes de velocidad para personalizar tu limpieza.<\/strong><\/li>\n<li><strong>M\u00e1s de 200 oscilaciones por segundo para eliminar suavemente las impurezas de tus poros.<\/strong><\/li>\n<li><strong>\u00a1Ahora con Cable USB y Bater\u00eda Recargable!<\/strong><\/li>\n<\/ul>\n","protected":false},"featured_media":62262,"comment_status":"closed","ping_status":"closed","template":"","meta":{"_acf_changed":false},"product_brand":[],"product_cat":[21,242,243,266,289],"product_tag":[],"class_list":{"0":"post-86745","1":"product","2":"type-product","3":"status-publish","4":"has-post-thumbnail","6":"product_cat-cuidado-de-la-piel","7":"product_cat-accesorios-para-la-piel","8":"product_cat-cepillo-skinvigorate","9":"product_cat-promociones","10":"product_cat-seccion-1","12":"first","13":"instock","14":"shipping-taxable","15":"purchasable","16":"product-type-simple","17":"add-to-wishlist-before_image"},"acf":[],"_links":{"self":[{"href":"https:\/\/vuvogt.com\/maykay_sv\/wp-json\/wp\/v2\/product\/86745","targetHints":{"allow":["GET"]}}],"collection":[{"href":"https:\/\/vuvogt.com\/maykay_sv\/wp-json\/wp\/v2\/product"}],"about":[{"href":"https:\/\/vuvogt.com\/maykay_sv\/wp-json\/wp\/v2\/types\/product"}],"replies":[{"embeddable":true,"href":"https:\/\/vuvogt.com\/maykay_sv\/wp-json\/wp\/v2\/comments?post=86745"}],"wp:featuredmedia":[{"embeddable":true,"href":"https:\/\/vuvogt.com\/maykay_sv\/wp-json\/wp\/v2\/media\/62262"}],"wp:attachment":[{"href":"https:\/\/vuvogt.com\/maykay_sv\/wp-json\/wp\/v2\/media?parent=86745"}],"wp:term":[{"taxonomy":"product_brand","embeddable":true,"href":"https:\/\/vuvogt.com\/maykay_sv\/wp-json\/wp\/v2\/product_brand?post=86745"},{"taxonomy":"product_cat","embeddable":true,"href":"https:\/\/vuvogt.com\/maykay_sv\/wp-json\/wp\/v2\/product_cat?post=86745"},{"taxonomy":"product_tag","embeddable":true,"href":"https:\/\/vuvogt.com\/maykay_sv\/wp-json\/wp\/v2\/product_tag?post=86745"}],"curies":[{"name":"wp","href":"https:\/\/api.w.org\/{rel}","templated":true}]}}