{"id":81925,"date":"2024-08-29T00:21:55","date_gmt":"2024-08-29T06:21:55","guid":{"rendered":"http:\/\/pruebamasdel.ofimat.gt\/?post_type=#038&#038;p=81925"},"modified":"2026-02-12T12:01:45","modified_gmt":"2026-02-12T18:01:45","slug":"crema-us-ca-reparacion-da%c2%8da-spf30","status":"publish","type":"product","link":"https:\/\/vuvogt.com\/maykay_sv\/producto\/crema-us-ca-reparacion-da%c2%8da-spf30\/","title":{"rendered":"Crema Facial para el d\u00eda Efecto Reparador TimeWise\u00ae Repair\u00ae Volu Firm\u00ae Mary Kay\u00ae"},"content":{"rendered":"<p>Ahora hay una manera de ayudar a combatir el da\u00f1o que puede causar flacidez, arrugas profundas y una p\u00e9rdida notable de elasticidad en la piel.<\/p>\n<p>La respuesta es Crema Facial para el d\u00eda Efecto Reparador FPS 30\u00a0<em>TimeWise<sup>\u00ae<\/sup> Repair<\/em><sup>\u00ae<\/sup>. Los expertos concuerdan con que la exposici\u00f3n al sol es la causa principal de envejecimiento de la piel y que una de las maneras m\u00e1s seguras y efectivas de proteger la piel es utilizar un filtro solar de amplio espectro como parte de tu r\u00e9gimen diario. La\u00a0Crema Facial para el d\u00eda Efecto Reparador FPS 30\u00a0tambi\u00e9n es fotoestable, lo cual significa que mantiene su integridad y poder protector incluso luego de haber estado expuesta a la luz del sol. Adem\u00e1s, esta crema rica est\u00e1 formulada para ayudar a la piel a sentirse aliviada, un beneficio importante ya que a medida que envejece la piel puede hacerse m\u00e1s sensible a factores irritantes externos.<\/p>\n","protected":false},"excerpt":{"rendered":"<p>Formulada para ayudar a proteger contra el da\u00f1o futuro y ayudar a hacer menos notable el da\u00f1o existente.<\/p>\n<ul>\n<li>Restaura el relleno facial juvenil.<\/li>\n<li>Formulada para ayuda a minimizar la reacci\u00f3n de la piel a los irritantes externos.<\/li>\n<li>La piel tiene un aspecto m\u00e1s uniforme.<\/li>\n<li>Ayuda a proteger la piel del da\u00f1o causado por los rayos ultravioleta A y B que la envejece.<\/li>\n<li>Incrementa la humectaci\u00f3n de la piel durante 12 horas.<\/li>\n<\/ul>\n","protected":false},"featured_media":19877,"comment_status":"closed","ping_status":"closed","template":"","meta":{"_acf_changed":false},"product_brand":[],"product_cat":[213,218,219,221,223,289],"product_tag":[],"class_list":{"0":"post-81925","1":"product","2":"type-product","3":"status-publish","4":"has-post-thumbnail","6":"product_cat-timewise-repair","7":"product_cat-envejecimiento-avanzado","8":"product_cat-humectacion","9":"product_cat-productos-para-el-sol","10":"product_cat-humectantes","11":"product_cat-seccion-1","13":"first","14":"instock","15":"shipping-taxable","16":"purchasable","17":"product-type-simple","18":"add-to-wishlist-before_image"},"acf":[],"_links":{"self":[{"href":"https:\/\/vuvogt.com\/maykay_sv\/wp-json\/wp\/v2\/product\/81925","targetHints":{"allow":["GET"]}}],"collection":[{"href":"https:\/\/vuvogt.com\/maykay_sv\/wp-json\/wp\/v2\/product"}],"about":[{"href":"https:\/\/vuvogt.com\/maykay_sv\/wp-json\/wp\/v2\/types\/product"}],"replies":[{"embeddable":true,"href":"https:\/\/vuvogt.com\/maykay_sv\/wp-json\/wp\/v2\/comments?post=81925"}],"wp:featuredmedia":[{"embeddable":true,"href":"https:\/\/vuvogt.com\/maykay_sv\/wp-json\/wp\/v2\/media\/19877"}],"wp:attachment":[{"href":"https:\/\/vuvogt.com\/maykay_sv\/wp-json\/wp\/v2\/media?parent=81925"}],"wp:term":[{"taxonomy":"product_brand","embeddable":true,"href":"https:\/\/vuvogt.com\/maykay_sv\/wp-json\/wp\/v2\/product_brand?post=81925"},{"taxonomy":"product_cat","embeddable":true,"href":"https:\/\/vuvogt.com\/maykay_sv\/wp-json\/wp\/v2\/product_cat?post=81925"},{"taxonomy":"product_tag","embeddable":true,"href":"https:\/\/vuvogt.com\/maykay_sv\/wp-json\/wp\/v2\/product_tag?post=81925"}],"curies":[{"name":"wp","href":"https:\/\/api.w.org\/{rel}","templated":true}]}}