{"id":78308,"date":"2024-05-27T16:35:20","date_gmt":"2024-05-27T22:35:20","guid":{"rendered":"https:\/\/vuvogt.com\/maykay_sv\/?post_type=product&#038;p=78308"},"modified":"2026-02-12T11:47:35","modified_gmt":"2026-02-12T17:47:35","slug":"polvos-sueltos","status":"publish","type":"product","link":"https:\/\/vuvogt.com\/maykay_sv\/producto\/polvos-sueltos\/","title":{"rendered":"Polvo Fijador con Acabado sedoso Mary Kay\u00ae"},"content":{"rendered":"<div class=\"row\">\n<h3>Polvo Fijador con Acabado sedoso Mary Kay\u00ae<\/h3>\n<\/div>\n<div class=\"row\">\n<p>Ahora es m\u00e1s f\u00e1cil que nunca disfrutar lo \u00faltimo en polvos por excelencia con el nuevo\u00a0<em>Mary Kay<\/em><sup>\u00ae<\/sup>\u00a0<em>Silky Setting Powder<\/em>. Este maquillaje multifac\u00e9tico ayuda a igualar el tono de la piel y desvanecer peque\u00f1as imperfecciones, mientras proporciona un acabado mate que reduce el brillo y deja un aspecto terso. La innovadora f\u00f3rmula incluye un emoliente vegetal que proporciona suavidad ultraligera y ayuda a minimizar la resequedad y descamaci\u00f3n. Adem\u00e1s, la gama de 12 tonos de aspecto natural ofrece la posibilidad de corregir el tono de forma sutil para conseguir una apariencia m\u00e1s uniforme. \u00a1Un polvo, doce tonos!<\/p>\n<p><strong>Atributos de la f\u00f3rmula<\/strong><\/p>\n<ul>\n<li>Evaluada para irritaci\u00f3n de la piel y alergias.<\/li>\n<li>Dermatol\u00f3gicamente evaluada.<\/li>\n<li>Adecuada para piel sensible.<\/li>\n<li>No comedog\u00e9nica.<\/li>\n<\/ul>\n<\/div>\n","protected":false},"excerpt":{"rendered":"<p>\u00bfLista para un cambio? El NUEVO Polvo Fijador con Acabado sedoso\u00a0aporta un efecto difuminado, viene en 12 tonos sedosos que coordinan con el tono de tu piel para un rostro impecable y listo para la foto. Con una cobertura que minimiza el brillo y correcci\u00f3n de color para una apariencia natural, este bello detalle te encantar\u00e1. Si tu piel es blanca como el marfil, cautivantemente oscura o de un hermoso tono intermedio, el NUEVO\u00a0<em>Mary Kay<\/em><sup>\u00ae<\/sup>\u00a0<em>Silky Setting Powder<\/em>\u00a0tiene un tono sedoso para ti.<\/p>\n<p>Puedes usarlo solo para perfeccionar la tez de manera sutil cuando quieres lucir un\u00a0<em>look<\/em>\u00a0natural o sobre tu base favorita o\u00a0<em>CC Cream<\/em>\u00a0para fijarla. Te encantar\u00e1 c\u00f3mo se difumina sin esfuerzo para destacar el\u00a0<em>look<\/em>\u00a0que m\u00e1s te gusta.<\/p>\n<p>&nbsp;<\/p>\n<p><strong>Sin:<\/strong><\/p>\n<ul>\n<li>Aceite mineral<\/li>\n<li>Fragancias<\/li>\n<li>Cera<\/li>\n<li>Siliconas<\/li>\n<li>Parabenos<\/li>\n<\/ul>\n","protected":false},"featured_media":78406,"comment_status":"closed","ping_status":"closed","template":"","meta":{"_acf_changed":false},"product_brand":[],"product_cat":[532,22,250,252,194,200,266,289],"product_tag":[],"class_list":{"0":"post-78308","1":"product","2":"type-product","3":"status-publish","4":"has-post-thumbnail","6":"product_cat-tu-rollo-esencialidad-mary-kay","7":"product_cat-maquillaje","8":"product_cat-labios","9":"product_cat-brillo-labial","10":"product_cat-rostro","11":"product_cat-polvos-sueltos","12":"product_cat-promociones","13":"product_cat-seccion-1","15":"first","16":"outofstock","17":"shipping-taxable","18":"purchasable","19":"product-type-variable","20":"add-to-wishlist-before_image"},"acf":[],"_links":{"self":[{"href":"https:\/\/vuvogt.com\/maykay_sv\/wp-json\/wp\/v2\/product\/78308","targetHints":{"allow":["GET"]}}],"collection":[{"href":"https:\/\/vuvogt.com\/maykay_sv\/wp-json\/wp\/v2\/product"}],"about":[{"href":"https:\/\/vuvogt.com\/maykay_sv\/wp-json\/wp\/v2\/types\/product"}],"replies":[{"embeddable":true,"href":"https:\/\/vuvogt.com\/maykay_sv\/wp-json\/wp\/v2\/comments?post=78308"}],"wp:featuredmedia":[{"embeddable":true,"href":"https:\/\/vuvogt.com\/maykay_sv\/wp-json\/wp\/v2\/media\/78406"}],"wp:attachment":[{"href":"https:\/\/vuvogt.com\/maykay_sv\/wp-json\/wp\/v2\/media?parent=78308"}],"wp:term":[{"taxonomy":"product_brand","embeddable":true,"href":"https:\/\/vuvogt.com\/maykay_sv\/wp-json\/wp\/v2\/product_brand?post=78308"},{"taxonomy":"product_cat","embeddable":true,"href":"https:\/\/vuvogt.com\/maykay_sv\/wp-json\/wp\/v2\/product_cat?post=78308"},{"taxonomy":"product_tag","embeddable":true,"href":"https:\/\/vuvogt.com\/maykay_sv\/wp-json\/wp\/v2\/product_tag?post=78308"}],"curies":[{"name":"wp","href":"https:\/\/api.w.org\/{rel}","templated":true}]}}