{"id":77577,"date":"2024-05-03T00:50:44","date_gmt":"2024-05-03T06:50:44","guid":{"rendered":"http:\/\/pruebamasdel.ofimat.gt\/?post_type=#038&#038;p=77577"},"modified":"2026-02-11T19:21:50","modified_gmt":"2026-02-12T01:21:50","slug":"toner-mk-balancing","status":"publish","type":"product","link":"https:\/\/vuvogt.com\/maykay_sv\/producto\/toner-mk-balancing\/","title":{"rendered":"T\u00f3nico Equilibrante Mary Kay\u00ae"},"content":{"rendered":"<p><strong>Orden de aplicaci\u00f3n<\/strong><br \/>\n1. Limpiadora Hidratante Mary Kay\u00ae o Limpiadora Matificante Mary Kay\u00ae<br \/>\n2. Exfoliante Mary Kay\u00ae (de 2 a 3 veces por semana)<br \/>\n3. T\u00f3nico Equilibrante Mary Kay\u00ae<br \/>\n4. Crema Hidratante Mary Kay\u00ae o Hidratante Matificante Mary Kay\u00ae<\/p>\n<p>Glicerina protectora de la piel.<\/p>\n<p><strong>Beneficios:<\/strong><br \/>\n\u2022 Apto para pieles sensibles<br \/>\n\u2022 Apto para todo tipo de pieles<br \/>\n\u2022 Libre de fragancias<br \/>\n\u2022 No comedog\u00e9nico<br \/>\n\u2022 Testado contra la irritaci\u00f3n y alergias de la piel<br \/>\n\u2022 Dermatol\u00f3gicamente testado<\/p>\n<p>Beneficios adicionales<br \/>\n\u2022 Dise\u00f1ado para todo tipo de pieles.<\/p>\n<p>El 92% de los panelistas coinciden en que el T\u00f3nico Equilibrante Mary Kay\u00ae es suave. (Resultados basados en un estudio independiente de consumidores en el que 99-100 mujeres utilizaron el producto de Cuidado de la Piel Mary Kay\u00ae seg\u00fan las indicaciones.)<\/p>\n","protected":false},"excerpt":{"rendered":"<p>\u00a1El t\u00f3nico perfecto para las pieles j\u00f3venes o sensibles! Es suave y refrescante y se puede usar dos veces al d\u00eda. Adem\u00e1s:<\/p>\n<ul>\n<li>Ayuda a restaurar el equilibrio de la piel sin resecarla<\/li>\n<li>No deja residuos ni impurezas<\/li>\n<li>Contiene un antioxidante y glicerina protectora de la piel<\/li>\n<\/ul>\n","protected":false},"featured_media":77650,"comment_status":"closed","ping_status":"closed","template":"","meta":{"_acf_changed":false},"product_brand":[],"product_cat":[500,533,21,206,224,289],"product_tag":[],"class_list":{"0":"post-77577","1":"product","2":"type-product","3":"status-publish","4":"has-post-thumbnail","6":"product_cat-linea-mary-kay","7":"product_cat-linea-mary-kay-coleccion","8":"product_cat-cuidado-de-la-piel","9":"product_cat-productos","10":"product_cat-limpieza","11":"product_cat-seccion-1","13":"first","14":"instock","15":"shipping-taxable","16":"purchasable","17":"product-type-simple","18":"add-to-wishlist-before_image"},"acf":[],"_links":{"self":[{"href":"https:\/\/vuvogt.com\/maykay_sv\/wp-json\/wp\/v2\/product\/77577","targetHints":{"allow":["GET"]}}],"collection":[{"href":"https:\/\/vuvogt.com\/maykay_sv\/wp-json\/wp\/v2\/product"}],"about":[{"href":"https:\/\/vuvogt.com\/maykay_sv\/wp-json\/wp\/v2\/types\/product"}],"replies":[{"embeddable":true,"href":"https:\/\/vuvogt.com\/maykay_sv\/wp-json\/wp\/v2\/comments?post=77577"}],"wp:featuredmedia":[{"embeddable":true,"href":"https:\/\/vuvogt.com\/maykay_sv\/wp-json\/wp\/v2\/media\/77650"}],"wp:attachment":[{"href":"https:\/\/vuvogt.com\/maykay_sv\/wp-json\/wp\/v2\/media?parent=77577"}],"wp:term":[{"taxonomy":"product_brand","embeddable":true,"href":"https:\/\/vuvogt.com\/maykay_sv\/wp-json\/wp\/v2\/product_brand?post=77577"},{"taxonomy":"product_cat","embeddable":true,"href":"https:\/\/vuvogt.com\/maykay_sv\/wp-json\/wp\/v2\/product_cat?post=77577"},{"taxonomy":"product_tag","embeddable":true,"href":"https:\/\/vuvogt.com\/maykay_sv\/wp-json\/wp\/v2\/product_tag?post=77577"}],"curies":[{"name":"wp","href":"https:\/\/api.w.org\/{rel}","templated":true}]}}