{"id":76000,"date":"2024-03-25T00:32:07","date_gmt":"2024-03-25T06:32:07","guid":{"rendered":"http:\/\/pruebamasdel.ofimat.gt\/?post_type=#038&#038;p=76000"},"modified":"2025-12-28T17:25:44","modified_gmt":"2025-12-28T23:25:44","slug":"mascara-mk-ultimate-black","status":"publish","type":"product","link":"https:\/\/vuvogt.com\/maykay_sv\/producto\/mascara-mk-ultimate-black\/","title":{"rendered":"Mascara para Pesta\u00f1as de M\u00e1ximo Desempe\u00f1o Mary Kay\u00ae"},"content":{"rendered":"<p>Disfruta del moderno y sofisticado \u00a1NUEVO EMPAQUE! De la Mascara para Pesta\u00f1as de M\u00e1ximo Desempe\u00f1o Mary Kay\u00ae. Envuelve tus pesta\u00f1as en su f\u00f3rmula voluminizadora que ya conoces y amas que maximiza tus pesta\u00f1as y les brinda una s\u00faper definici\u00f3n.<\/p>\n","protected":false},"excerpt":{"rendered":"<p>Disfruta del moderno y sofisticado \u00a1NUEVO EMPAQUE! De la Mascara para Pesta\u00f1as de M\u00e1ximo Desempe\u00f1o Mary Kay\u00ae. Envuelve tus pesta\u00f1as en su f\u00f3rmula voluminizadora que ya conoces y amas que maximiza tus pesta\u00f1as y les brinda una s\u00faper definici\u00f3n.<\/p>\n","protected":false},"featured_media":76009,"comment_status":"closed","ping_status":"closed","template":"","meta":{"_acf_changed":false},"product_brand":[],"product_cat":[22,187,192,289],"product_tag":[],"class_list":{"0":"post-76000","1":"product","2":"type-product","3":"status-publish","4":"has-post-thumbnail","6":"product_cat-maquillaje","7":"product_cat-ojos","8":"product_cat-rimel-de-pestanas","9":"product_cat-seccion-1","11":"first","12":"instock","13":"shipping-taxable","14":"purchasable","15":"product-type-simple","16":"add-to-wishlist-before_image"},"acf":[],"_links":{"self":[{"href":"https:\/\/vuvogt.com\/maykay_sv\/wp-json\/wp\/v2\/product\/76000","targetHints":{"allow":["GET"]}}],"collection":[{"href":"https:\/\/vuvogt.com\/maykay_sv\/wp-json\/wp\/v2\/product"}],"about":[{"href":"https:\/\/vuvogt.com\/maykay_sv\/wp-json\/wp\/v2\/types\/product"}],"replies":[{"embeddable":true,"href":"https:\/\/vuvogt.com\/maykay_sv\/wp-json\/wp\/v2\/comments?post=76000"}],"wp:featuredmedia":[{"embeddable":true,"href":"https:\/\/vuvogt.com\/maykay_sv\/wp-json\/wp\/v2\/media\/76009"}],"wp:attachment":[{"href":"https:\/\/vuvogt.com\/maykay_sv\/wp-json\/wp\/v2\/media?parent=76000"}],"wp:term":[{"taxonomy":"product_brand","embeddable":true,"href":"https:\/\/vuvogt.com\/maykay_sv\/wp-json\/wp\/v2\/product_brand?post=76000"},{"taxonomy":"product_cat","embeddable":true,"href":"https:\/\/vuvogt.com\/maykay_sv\/wp-json\/wp\/v2\/product_cat?post=76000"},{"taxonomy":"product_tag","embeddable":true,"href":"https:\/\/vuvogt.com\/maykay_sv\/wp-json\/wp\/v2\/product_tag?post=76000"}],"curies":[{"name":"wp","href":"https:\/\/api.w.org\/{rel}","templated":true}]}}