{"id":54982,"date":"2022-11-07T00:14:00","date_gmt":"2022-11-07T06:14:00","guid":{"rendered":"http:\/\/pruebamasdel.ofimat.gt\/?post_type=#038&#038;p=54982"},"modified":"2026-02-12T08:17:02","modified_gmt":"2026-02-12T14:17:02","slug":"eye-cream-mk-instant-puff-rdcr","status":"publish","type":"product","link":"https:\/\/vuvogt.com\/maykay_sv\/producto\/eye-cream-mk-instant-puff-rdcr\/","title":{"rendered":"Minimizador de Apariencia de Bolsas para Ojos Mary Kay\u00ae"},"content":{"rendered":"<div class=\"row\">\n<h3><strong><em>Mary Kay<\/em><sup>\u00ae<\/sup><em> Instant Puffiness Reducer<\/em><\/strong><\/h3>\n<\/div>\n<div class=\"row\">\n<p>\u00a1Reducir la hinchaz\u00f3n de los ojos nunca ha sido tan f\u00e1cil! Ya no uses remedios caseros, opta por esta soluci\u00f3n cl\u00ednicamente* comprobada. Al buscar una soluci\u00f3n en casa para contrarrestar las bolsas debajo de los ojos, quiz\u00e1s te preguntes qu\u00e9 hace que los ojos se hinchen en primer lugar. Al igual que la mayor\u00eda de los problemas del cuidado de la piel, varios factores contribuyen a la hinchaz\u00f3n. Los impactos de la exposici\u00f3n a los rayos UV, los radicales libres y otros irritantes pueden debilitar los vasos sangu\u00edneos de la piel debajo de los ojos, causando una acumulaci\u00f3n de l\u00edquido. Cuando esto se combina con la p\u00e9rdida t\u00edpica de la elasticidad de la piel y la gravedad, la piel estirada ya no parece tensa, lo que da como resultado bolsas debajo de los ojos. Si bien es completamente natural que la piel debajo de los ojos se hinche ocasionalmente, \u00a1ahora tienes una soluci\u00f3n instant\u00e1nea para abordar el problema!<\/p>\n<p><strong>Atributos de la f\u00f3rmula<\/strong><br \/>\nDermatol\u00f3gicamente evaluada.<br \/>\nOftalmol\u00f3gicamente probada.<br \/>\nEvaluada para irritaci\u00f3n de la piel y alergia<\/p>\n<\/div>\n<div><\/div>\n<div>\n<div class=\"row\">\n<h3><strong>Consejos de aplicaci\u00f3n<\/strong><\/h3>\n<\/div>\n<div class=\"row\">\n<ul>\n<li>Despu\u00e9s de lavarte la cara, extrae en la yema del dedo una cantidad del tama\u00f1o de un grano de arroz (por ojo) del <em>Mary Kay<\/em><sup>\u00ae<\/sup> <em>Instant Puffiness Reducer<\/em>. El <em>Mary Kay<\/em><sup>\u00ae<\/sup> <em>Instant Puffiness Reducer<\/em> funciona mejor cuando se aplica a un \u00e1rea limpia y seca, por lo tanto, evita la crema para el contorno de los ojos y otros productos para el cuidado de la piel en el \u00e1rea debajo de los ojos para garantizar los m\u00e1ximos resultados.<\/li>\n<li>Considera usar el <em>Instant Puffiness Reducer<\/em> en la ma\u00f1ana despu\u00e9s de la limpieza facial, y luego alterna con la crema para el contorno de los ojos por la noche o viceversa. Tu crema para ojos sigue siendo clave para lograr resultados que desaf\u00edan la edad a largo plazo.<\/li>\n<li>Aplica con delicadeza una capa ligera a la zona debajo del ojo evitando el contacto directo con los ojos; d\u00e9jala reposar y limita las expresiones faciales m\u00ednimo tres minutos mientras se seca para obtener los mejores resultados. El efecto completo debe observarse despu\u00e9s de 15 minutos. Debido a la naturaleza inherente del producto, algunos usuarios pueden experimentar resequedad, rigidez o una sensaci\u00f3n de hormigueo temporal despu\u00e9s de aplicar el producto.<\/li>\n<li>Es posible que veas un polvo residual cuando el producto se seque. Elim\u00ednalo suavemente con el dedo o un hisopo.<\/li>\n<li>Para obtener los mejores resultados, no humedezcas el Instant Puffines Reducer una vez que est\u00e9 seco, evita aplicar cualquier producto para el cuidado de la piel, incluyendo la crema para el contorno de los ojos, directamente encima. Puedes aplicar tus potenciadores, sueros y otros productos pero evita el \u00e1rea de los ojos. Si decides aplicar base o corrector al \u00e1rea debajo del ojo, espera 15 minutos, usa una peque\u00f1a cantidad y hazlo con el dedo o un pincel usando peque\u00f1os golpecitos. Mantenlo fuera del alcance de los ni\u00f1os.<\/li>\n<li>Ret\u00edralo completamente con un limpiador <em>Mary Kay<\/em><sup>\u00ae<\/sup> o <em><a href=\"https:\/\/www.marykay.com\/es-US\/products\/all\/10029726\" target=\"_blank\" rel=\"noopener noreferrer\">Oil-Free Eye Makeup Remover<\/a><\/em>.<\/li>\n<\/ul>\n<\/div>\n<\/div>\n","protected":false},"excerpt":{"rendered":"<p>Observa c\u00f3mo desaparecen las bolsas debajo de los ojos con una innovaci\u00f3n cient\u00edfica que ofrece resultados al instante. El <em>Mary Kay<\/em><sup>\u00ae<\/sup> <em>Instant Puffiness Reducer<\/em> ha demostrado cl\u00ednicamente* que reduce al instante el aspecto de la hinchaz\u00f3n debajo de los ojos y el efecto dura hasta por seis horas. \u00bfQu\u00e9 podr\u00edas hacer con seis horas sin bolsas debajo de los ojos? \u00bfEmbarcarte en una super sesi\u00f3n de selfis? \u00bfEncarar un d\u00eda lleno de video conferencias con a\u00fan m\u00e1s confianza? Prueba esta soluci\u00f3n para usar en casa para los ojos hinchados y compensa el impacto del estr\u00e9s, la contaminaci\u00f3n e incluso las alergias en unos cuantos minutos. Deja las bolsas de t\u00e9 y rodajas de pepino en la cocina y usa una soluci\u00f3n profesional para deshacerte de la hinchaz\u00f3n.<\/p>\n<p>Cuando incorpores este producto a tu rutina matutina o vespertina, evita aplicar la crema para ojos al mismo tiempo.<\/p>\n","protected":false},"featured_media":62267,"comment_status":"closed","ping_status":"closed","template":"","meta":{"_acf_changed":false},"product_brand":[],"product_cat":[21,189,289],"product_tag":[],"class_list":{"0":"post-54982","1":"product","2":"type-product","3":"status-publish","4":"has-post-thumbnail","6":"product_cat-cuidado-de-la-piel","7":"product_cat-cuidado-de-ojos","8":"product_cat-seccion-1","10":"first","11":"instock","12":"shipping-taxable","13":"purchasable","14":"product-type-simple","15":"add-to-wishlist-before_image"},"acf":[],"_links":{"self":[{"href":"https:\/\/vuvogt.com\/maykay_sv\/wp-json\/wp\/v2\/product\/54982","targetHints":{"allow":["GET"]}}],"collection":[{"href":"https:\/\/vuvogt.com\/maykay_sv\/wp-json\/wp\/v2\/product"}],"about":[{"href":"https:\/\/vuvogt.com\/maykay_sv\/wp-json\/wp\/v2\/types\/product"}],"replies":[{"embeddable":true,"href":"https:\/\/vuvogt.com\/maykay_sv\/wp-json\/wp\/v2\/comments?post=54982"}],"wp:featuredmedia":[{"embeddable":true,"href":"https:\/\/vuvogt.com\/maykay_sv\/wp-json\/wp\/v2\/media\/62267"}],"wp:attachment":[{"href":"https:\/\/vuvogt.com\/maykay_sv\/wp-json\/wp\/v2\/media?parent=54982"}],"wp:term":[{"taxonomy":"product_brand","embeddable":true,"href":"https:\/\/vuvogt.com\/maykay_sv\/wp-json\/wp\/v2\/product_brand?post=54982"},{"taxonomy":"product_cat","embeddable":true,"href":"https:\/\/vuvogt.com\/maykay_sv\/wp-json\/wp\/v2\/product_cat?post=54982"},{"taxonomy":"product_tag","embeddable":true,"href":"https:\/\/vuvogt.com\/maykay_sv\/wp-json\/wp\/v2\/product_tag?post=54982"}],"curies":[{"name":"wp","href":"https:\/\/api.w.org\/{rel}","templated":true}]}}