{"id":44496,"date":"2022-03-03T00:16:53","date_gmt":"2022-03-03T06:16:53","guid":{"rendered":"http:\/\/pruebamasdel.ofimat.gt\/?post_type=#038&#038;p=44496"},"modified":"2026-02-12T11:30:47","modified_gmt":"2026-02-12T17:30:47","slug":"set-mujer-empoderado-cf-base-labial-delineador-en-plumon-promocional","status":"publish","type":"product","link":"https:\/\/vuvogt.com\/maykay_sv\/producto\/set-mujer-empoderado-cf-base-labial-delineador-en-plumon-promocional\/","title":{"rendered":"L\u00e1piz Labial Hidratante Mary Kay Supreme\u00ae"},"content":{"rendered":"<div class=\"row\"><\/div>\n<div class=\"row\">\n<p>Disponible en 8 lujosos tonos<\/p>\n<p>Ideales para todos los tonos de piel<\/p>\n<p>Formulado con vitamina E y aceite de girasol para ayudar a humectar tus labios<\/p>\n<p>Las mujeres que lo probaron dicen* que es su nuevo labial favorito para el d\u00eda a d\u00eda<\/p>\n<p>*Basado en un estudio independiente de percepci\u00f3n, en el que participaron 150 mujeres, utilizando el \u00a1NUEVO! L\u00e1piz Labial Hidratante Mary Kay Supreme\u00ae<\/p>\n<\/div>\n","protected":false},"excerpt":{"rendered":"<p>Para una mujer suprema el L\u00e1piz Labial Hidratante Mary Kay Supreme\u00ae hace honor a su nombre, dejando unos labios con sensaci\u00f3n suave, humectada y elegante. Sus ocho tonos est\u00e1n dise\u00f1ados para combinar en todos los tonos de piel.<\/p>\n<div class=\"row\">Beneficios<\/div>\n<div class=\"row\">\n<ul>\n<li>Sutil sabor a vainilla<\/li>\n<li>Formulado con aceite de girasol y vitamina E para ayudar a acondicionar los labios y darles un acabado brilloso<\/li>\n<li>Probado por dermat\u00f3logos<\/li>\n<li>Probado en pieles sensibles<\/li>\n<\/ul>\n<\/div>\n<p>&nbsp;<\/p>\n","protected":false},"featured_media":47406,"comment_status":"closed","ping_status":"closed","template":"","meta":{"_acf_changed":false},"product_brand":[],"product_cat":[250,254,289],"product_tag":[],"class_list":{"0":"post-44496","1":"product","2":"type-product","3":"status-publish","4":"has-post-thumbnail","6":"product_cat-labios","7":"product_cat-lapiz-labial","8":"product_cat-seccion-1","10":"first","11":"outofstock","12":"shipping-taxable","13":"purchasable","14":"product-type-variable","15":"add-to-wishlist-before_image"},"acf":[],"_links":{"self":[{"href":"https:\/\/vuvogt.com\/maykay_sv\/wp-json\/wp\/v2\/product\/44496","targetHints":{"allow":["GET"]}}],"collection":[{"href":"https:\/\/vuvogt.com\/maykay_sv\/wp-json\/wp\/v2\/product"}],"about":[{"href":"https:\/\/vuvogt.com\/maykay_sv\/wp-json\/wp\/v2\/types\/product"}],"replies":[{"embeddable":true,"href":"https:\/\/vuvogt.com\/maykay_sv\/wp-json\/wp\/v2\/comments?post=44496"}],"wp:featuredmedia":[{"embeddable":true,"href":"https:\/\/vuvogt.com\/maykay_sv\/wp-json\/wp\/v2\/media\/47406"}],"wp:attachment":[{"href":"https:\/\/vuvogt.com\/maykay_sv\/wp-json\/wp\/v2\/media?parent=44496"}],"wp:term":[{"taxonomy":"product_brand","embeddable":true,"href":"https:\/\/vuvogt.com\/maykay_sv\/wp-json\/wp\/v2\/product_brand?post=44496"},{"taxonomy":"product_cat","embeddable":true,"href":"https:\/\/vuvogt.com\/maykay_sv\/wp-json\/wp\/v2\/product_cat?post=44496"},{"taxonomy":"product_tag","embeddable":true,"href":"https:\/\/vuvogt.com\/maykay_sv\/wp-json\/wp\/v2\/product_tag?post=44496"}],"curies":[{"name":"wp","href":"https:\/\/api.w.org\/{rel}","templated":true}]}}