{"id":29079,"date":"2021-05-04T21:45:56","date_gmt":"2021-05-04T21:45:56","guid":{"rendered":"http:\/\/pruebamasdel.ofimat.gt\/?post_type=#038&#038;p=29079"},"modified":"2026-02-12T11:36:22","modified_gmt":"2026-02-12T17:36:22","slug":"serum-mk-tw-replenishing-c-e","status":"publish","type":"product","link":"https:\/\/vuvogt.com\/maykay_sv\/producto\/serum-mk-tw-replenishing-c-e\/","title":{"rendered":"Loci\u00f3n facial regeneradora TimeWise&#x2122; C+E&#x2122; Mary Kay\u00ae"},"content":{"rendered":"<div class=\"row\">\n<h3><em>TimeWise Replenishing Serum C+E<\/em>&#x2122;<\/h3>\n<\/div>\n<div class=\"row\">\n<p><strong>Reafirma, ilumina y protege<\/strong><\/p>\n<p>En tu b\u00fasqueda de antioxidantes que combaten los radicales libres, probablemente encontraste investigaciones y resultados que promocionan los poderes antioxidantes individuales de la vitamina C y la vitamina E. Sin embargo, \u00bfsab\u00edas que el uso de una combinaci\u00f3n de antioxidantes ofrece resultados superiores en comparaci\u00f3n con el uso de un solo antioxidante?<\/p>\n<p>A medida que la vitamina E combate los radicales libres da\u00f1inos, este antioxidante cr\u00edtico disminuye. En este suero superestrella, recibe un impulso de vitamina C que reaviva su poder de lucha contra el envejecimiento en un ciclo din\u00e1mico de reposici\u00f3n. La vitamina C ayuda a reducir el tono desigual y la decoloraci\u00f3n de la piel, lo que contribuye a la luminosidad de la piel y que la tez sea m\u00e1s uniforme. Esta f\u00f3rmula exclusiva ofrece tres fuentes distintas de vitamina C para darle a tu piel el poder rico en antioxidantes para desafiar la edad que necesita. Para hacer de este suero un s\u00faper protector de la piel, los cient\u00edficos de Mary Kay aprovecharon el potencial multifuncional del extracto de habichuela blanca. Se ha demostrado que este ingrediente innovador ayuda a reducir la apariencia de decoloraci\u00f3n en la superficie de la piel* y mejora la apariencia de una piel con un tono m\u00e1s uniforme en general. *Usa esta f\u00f3rmula con patente pendiente todos los d\u00edas para ver una piel m\u00e1s brillante, m\u00e1s firme y que irradia buena salud.<\/p>\n<blockquote class=\"s-rtf-footnote\"><p>*Seg\u00fan pruebas <em>in vivo<\/em><\/p><\/blockquote>\n<\/div>\n","protected":false},"excerpt":{"rendered":"<p>Todos los d\u00edas tu piel es agredida por estr\u00e9s oxidante. Defi\u00e9ndete con este antioxidante con megapotencia: un poderoso suero facial con vitamina C y vitamina E. Estos ingredientes para el cuidado de la piel son efectivos por s\u00ed solos, pero juntos son extraordinarios. El antioxidante de alta potencia, la vitamina E, se combina con la vitamina C pura en un d\u00fao que desaf\u00eda la edad y que trabaja de maravilla en conjunto. Dos fuentes adicionales de vitamina C brindan a\u00fan m\u00e1s potencia. Agrega este suero lleno de beneficios a tu rutina diaria para ver una piel m\u00e1s luminosa, firme y que irradia buena salud.<\/p>\n","protected":false},"featured_media":62277,"comment_status":"closed","ping_status":"closed","template":"","meta":{"_acf_changed":false},"product_brand":[],"product_cat":[214,216,206,224,289],"product_tag":[],"class_list":{"0":"post-29079","1":"product","2":"type-product","3":"status-publish","4":"has-post-thumbnail","6":"product_cat-necesidad-cuidado-de-la-piel","7":"product_cat-combatir-el-envejecimiento","8":"product_cat-productos","9":"product_cat-limpieza","10":"product_cat-seccion-1","12":"first","13":"instock","14":"shipping-taxable","15":"purchasable","16":"product-type-simple","17":"add-to-wishlist-before_image"},"acf":[],"_links":{"self":[{"href":"https:\/\/vuvogt.com\/maykay_sv\/wp-json\/wp\/v2\/product\/29079","targetHints":{"allow":["GET"]}}],"collection":[{"href":"https:\/\/vuvogt.com\/maykay_sv\/wp-json\/wp\/v2\/product"}],"about":[{"href":"https:\/\/vuvogt.com\/maykay_sv\/wp-json\/wp\/v2\/types\/product"}],"replies":[{"embeddable":true,"href":"https:\/\/vuvogt.com\/maykay_sv\/wp-json\/wp\/v2\/comments?post=29079"}],"wp:featuredmedia":[{"embeddable":true,"href":"https:\/\/vuvogt.com\/maykay_sv\/wp-json\/wp\/v2\/media\/62277"}],"wp:attachment":[{"href":"https:\/\/vuvogt.com\/maykay_sv\/wp-json\/wp\/v2\/media?parent=29079"}],"wp:term":[{"taxonomy":"product_brand","embeddable":true,"href":"https:\/\/vuvogt.com\/maykay_sv\/wp-json\/wp\/v2\/product_brand?post=29079"},{"taxonomy":"product_cat","embeddable":true,"href":"https:\/\/vuvogt.com\/maykay_sv\/wp-json\/wp\/v2\/product_cat?post=29079"},{"taxonomy":"product_tag","embeddable":true,"href":"https:\/\/vuvogt.com\/maykay_sv\/wp-json\/wp\/v2\/product_tag?post=29079"}],"curies":[{"name":"wp","href":"https:\/\/api.w.org\/{rel}","templated":true}]}}