{"id":28044,"date":"2021-04-19T00:47:53","date_gmt":"2021-04-19T06:47:53","guid":{"rendered":"http:\/\/pruebamasdel.ofimat.gt\/?post_type=#038&#038;p=28044"},"modified":"2025-06-30T16:36:27","modified_gmt":"2025-06-30T22:36:27","slug":"cosmetic-mask-mk-pink-clay","status":"publish","type":"product","link":"https:\/\/vuvogt.com\/maykay_sv\/producto\/cosmetic-mask-mk-pink-clay\/","title":{"rendered":"Mascarilla Rosa de Arcilla Mary Kay (EDICION ILIMITADA)"},"content":{"rendered":"<p><span dir=\"ltr\">Suave y cremosa, esta mascarilla floral\u00a0 te otorgar\u00e1 10 minutos especiales de &#8220;tiempo para ti\u201d. Contiene extracto de plumeria, el ingrediente superestrella de este producto, que es conocido por sus propiedades antioxidantes. \u00a1Envuelve tu piel en una textura cremosa, como de terciopelo, con notas de peon\u00eda y flor de t\u00e9 que evoca los aromas de un maravilloso jard\u00edn!<\/span><\/p>\n","protected":false},"excerpt":{"rendered":"<h4>Relaja y deleita tus sentidos con una mascarilla cremosa en el color caracter\u00edstico de Mary Kay.<br \/>\nEnriquecida con una deliciosa infusi\u00f3n floral, disfruta durante 10 minutos una experiencia de consentirte como te mereces.<\/h4>\n<h4>&#8211; Limpia<br \/>\n&#8211; Deleita<br \/>\n&#8211; Consiente<br \/>\n&#8211; Renueva<\/h4>\n","protected":false},"featured_media":28046,"comment_status":"closed","ping_status":"closed","template":"","meta":{"_acf_changed":false},"product_brand":[],"product_cat":[206,225,289],"product_tag":[],"class_list":{"0":"post-28044","1":"product","2":"type-product","3":"status-publish","4":"has-post-thumbnail","6":"product_cat-productos","7":"product_cat-mascarillas","8":"product_cat-seccion-1","10":"first","11":"outofstock","12":"shipping-taxable","13":"purchasable","14":"product-type-simple","15":"add-to-wishlist-before_image"},"acf":[],"_links":{"self":[{"href":"https:\/\/vuvogt.com\/maykay_sv\/wp-json\/wp\/v2\/product\/28044","targetHints":{"allow":["GET"]}}],"collection":[{"href":"https:\/\/vuvogt.com\/maykay_sv\/wp-json\/wp\/v2\/product"}],"about":[{"href":"https:\/\/vuvogt.com\/maykay_sv\/wp-json\/wp\/v2\/types\/product"}],"replies":[{"embeddable":true,"href":"https:\/\/vuvogt.com\/maykay_sv\/wp-json\/wp\/v2\/comments?post=28044"}],"wp:featuredmedia":[{"embeddable":true,"href":"https:\/\/vuvogt.com\/maykay_sv\/wp-json\/wp\/v2\/media\/28046"}],"wp:attachment":[{"href":"https:\/\/vuvogt.com\/maykay_sv\/wp-json\/wp\/v2\/media?parent=28044"}],"wp:term":[{"taxonomy":"product_brand","embeddable":true,"href":"https:\/\/vuvogt.com\/maykay_sv\/wp-json\/wp\/v2\/product_brand?post=28044"},{"taxonomy":"product_cat","embeddable":true,"href":"https:\/\/vuvogt.com\/maykay_sv\/wp-json\/wp\/v2\/product_cat?post=28044"},{"taxonomy":"product_tag","embeddable":true,"href":"https:\/\/vuvogt.com\/maykay_sv\/wp-json\/wp\/v2\/product_tag?post=28044"}],"curies":[{"name":"wp","href":"https:\/\/api.w.org\/{rel}","templated":true}]}}