{"id":19692,"date":"2020-11-16T16:48:14","date_gmt":"2020-11-16T16:48:14","guid":{"rendered":"http:\/\/pruebamasdel.ofimat.gt\/?post_type=#038&#038;p=19692"},"modified":"2026-02-12T10:01:15","modified_gmt":"2026-02-12T16:01:15","slug":"mascara-mk-lash-love-fanorama","status":"publish","type":"product","link":"https:\/\/vuvogt.com\/maykay_sv\/producto\/mascara-mk-lash-love-fanorama\/","title":{"rendered":"Mascara Lash Love Fanorama&#x2122; Mary Kay\u00ae"},"content":{"rendered":"<p>Saca a relucir tus pesta\u00f1as m\u00e1s peque\u00f1as y t\u00edmidas con la ayuda de este nuevo e innovador cepillo. Las tres zonas de aplicaci\u00f3n te permiten cubrir las pesta\u00f1as de orilla a orilla con la f\u00f3rmula comprobada de\u00a0<em>Lash Love<\/em><sup>\u00ae<\/sup>. Las cerdas de silicona est\u00e1n estabilizadas por un n\u00facleo interno para darte control total sobre tus pesta\u00f1as. Una forma de reloj de arena, hileras de cerdas redondeadas y una punta s\u00faper especial trabajan en conjunto para asegurarse de que cada una de tus pesta\u00f1as reciba el amor que merece.<\/p>\n","protected":false},"excerpt":{"rendered":"<p><strong>Presume tus pesta\u00f1as perfectas y atrapa las miradas de todos.<\/strong><\/p>\n<p>Usa las tres extraordinarias zonas de aplicaci\u00f3n (cubrir, peinar y separar) del cepillo totalmente nuevo que eleva, separa y acomoda cada pesta\u00f1a a la perfecci\u00f3n. Su dise\u00f1o en zigzag cubre tus pesta\u00f1as en la ic\u00f3nica f\u00f3rmula\u00a0<em>Lash Love<\/em>\u00ae\u00a0mientras que las espaciadas hileras de cerdas de silicona s\u00faper suave depositan en las pesta\u00f1as la mayor cantidad posible de r\u00edmel con abundante pigmentaci\u00f3n. \u00a1Ahora ya puedes poseer el impacto panor\u00e1mico en tus pesta\u00f1as!<\/p>\n<ul>\n<li>Dermatol\u00f3gicamente probado.<\/li>\n<li>Oftalmol\u00f3gicamente probado.<\/li>\n<li>Probado para irritaci\u00f3n de la piel y alergias.<\/li>\n<li>Adecuado para ojos sensibles y usuarias de lentes de contacto.<\/li>\n<\/ul>\n","protected":false},"featured_media":19993,"comment_status":"closed","ping_status":"closed","template":"","meta":{"_acf_changed":false},"product_brand":[],"product_cat":[187,192,289],"product_tag":[],"class_list":{"0":"post-19692","1":"product","2":"type-product","3":"status-publish","4":"has-post-thumbnail","6":"product_cat-ojos","7":"product_cat-rimel-de-pestanas","8":"product_cat-seccion-1","10":"first","11":"instock","12":"shipping-taxable","13":"purchasable","14":"product-type-simple","15":"add-to-wishlist-before_image"},"acf":[],"_links":{"self":[{"href":"https:\/\/vuvogt.com\/maykay_sv\/wp-json\/wp\/v2\/product\/19692","targetHints":{"allow":["GET"]}}],"collection":[{"href":"https:\/\/vuvogt.com\/maykay_sv\/wp-json\/wp\/v2\/product"}],"about":[{"href":"https:\/\/vuvogt.com\/maykay_sv\/wp-json\/wp\/v2\/types\/product"}],"replies":[{"embeddable":true,"href":"https:\/\/vuvogt.com\/maykay_sv\/wp-json\/wp\/v2\/comments?post=19692"}],"wp:featuredmedia":[{"embeddable":true,"href":"https:\/\/vuvogt.com\/maykay_sv\/wp-json\/wp\/v2\/media\/19993"}],"wp:attachment":[{"href":"https:\/\/vuvogt.com\/maykay_sv\/wp-json\/wp\/v2\/media?parent=19692"}],"wp:term":[{"taxonomy":"product_brand","embeddable":true,"href":"https:\/\/vuvogt.com\/maykay_sv\/wp-json\/wp\/v2\/product_brand?post=19692"},{"taxonomy":"product_cat","embeddable":true,"href":"https:\/\/vuvogt.com\/maykay_sv\/wp-json\/wp\/v2\/product_cat?post=19692"},{"taxonomy":"product_tag","embeddable":true,"href":"https:\/\/vuvogt.com\/maykay_sv\/wp-json\/wp\/v2\/product_tag?post=19692"}],"curies":[{"name":"wp","href":"https:\/\/api.w.org\/{rel}","templated":true}]}}