{"id":18752,"date":"2020-08-18T19:14:30","date_gmt":"2020-08-19T01:14:30","guid":{"rendered":"http:\/\/pruebamasdel.ofimat.gt\/?post_type=#038&#038;p=18752"},"modified":"2026-02-12T11:30:47","modified_gmt":"2026-02-12T17:30:47","slug":"lipstick-mk-semi-shine-natural-buff","status":"publish","type":"product","link":"https:\/\/vuvogt.com\/maykay_sv\/producto\/lipstick-mk-semi-shine-natural-buff\/","title":{"rendered":"Labial en Gel Semi Shine Mary Kay\u00ae"},"content":{"rendered":"<p><span lang=\"es\" style=\"font-family: helvetica, arial, sans-serif;\" tabindex=\"0\">La barra de labios semi mate ofrece un uso duradero sin resecar los labios. Los tonos altamente pigmentados brindan un color fiel. La f\u00f3rmula en gel amortigua los labios para una comodidad suave y aterciopelada. Los potenciadores \u00f3pticos ofrecen un efecto de enfoque suave.<\/span><\/p>\n","protected":false},"excerpt":{"rendered":"<div class=\"included-sizes\"><span style=\"font-family: helvetica, arial, sans-serif; color: #808080;\">3.6 g<\/span><\/div>\n<div><\/div>\n<div><span style=\"font-family: helvetica, arial, sans-serif;\">Tonos de larga duraci\u00f3n con brillo, color duradero y un acabado radiante y luminoso. Con pigmentos ultrafinos que dan brillo, excelente saturaci\u00f3n de color con cobertura completa, de larga duraci\u00f3n, f\u00f3rmula humectante.<\/span><\/div>\n<div><\/div>\n","protected":false},"featured_media":27410,"comment_status":"closed","ping_status":"closed","template":"","meta":{"_acf_changed":false},"product_brand":[],"product_cat":[22,250,254,289],"product_tag":[],"class_list":{"0":"post-18752","1":"product","2":"type-product","3":"status-publish","4":"has-post-thumbnail","6":"product_cat-maquillaje","7":"product_cat-labios","8":"product_cat-lapiz-labial","9":"product_cat-seccion-1","11":"first","12":"outofstock","13":"shipping-taxable","14":"purchasable","15":"product-type-variable","16":"add-to-wishlist-before_image"},"acf":[],"_links":{"self":[{"href":"https:\/\/vuvogt.com\/maykay_sv\/wp-json\/wp\/v2\/product\/18752","targetHints":{"allow":["GET"]}}],"collection":[{"href":"https:\/\/vuvogt.com\/maykay_sv\/wp-json\/wp\/v2\/product"}],"about":[{"href":"https:\/\/vuvogt.com\/maykay_sv\/wp-json\/wp\/v2\/types\/product"}],"replies":[{"embeddable":true,"href":"https:\/\/vuvogt.com\/maykay_sv\/wp-json\/wp\/v2\/comments?post=18752"}],"wp:featuredmedia":[{"embeddable":true,"href":"https:\/\/vuvogt.com\/maykay_sv\/wp-json\/wp\/v2\/media\/27410"}],"wp:attachment":[{"href":"https:\/\/vuvogt.com\/maykay_sv\/wp-json\/wp\/v2\/media?parent=18752"}],"wp:term":[{"taxonomy":"product_brand","embeddable":true,"href":"https:\/\/vuvogt.com\/maykay_sv\/wp-json\/wp\/v2\/product_brand?post=18752"},{"taxonomy":"product_cat","embeddable":true,"href":"https:\/\/vuvogt.com\/maykay_sv\/wp-json\/wp\/v2\/product_cat?post=18752"},{"taxonomy":"product_tag","embeddable":true,"href":"https:\/\/vuvogt.com\/maykay_sv\/wp-json\/wp\/v2\/product_tag?post=18752"}],"curies":[{"name":"wp","href":"https:\/\/api.w.org\/{rel}","templated":true}]}}