{"id":18741,"date":"2020-08-18T19:14:14","date_gmt":"2020-08-18T19:14:14","guid":{"rendered":"http:\/\/pruebamasdel.ofimat.gt\/?post_type=#038&#038;p=18741"},"modified":"2026-02-11T22:43:31","modified_gmt":"2026-02-12T04:43:31","slug":"mascara-lash-intensity","status":"publish","type":"product","link":"https:\/\/vuvogt.com\/maykay_sv\/producto\/mascara-lash-intensity\/","title":{"rendered":"Mascara Lash Intensity Mary Kay\u00ae"},"content":{"rendered":"<p><span style=\"font-family: helvetica, arial, sans-serif;\">Obt\u00e9n volumen digno de elogio y tama\u00f1o irresistible con la <em>Mascara Lash Intensity Mary Kay\u00ae<\/em>. Esta mascara presenta el cepillo asim\u00e9trico <em>Doble Impact<\/em>&#x2122; de dise\u00f1o especial para pesta\u00f1as que lucen multiplicadas y exageradas; dura todo el d\u00eda y es resistente a emborronarse. Adem\u00e1s, el pigmento rico en minerales y de alto impacto logra el tono negro perfecto para pesta\u00f1as sobresalient<\/span><\/p>\n","protected":false},"excerpt":{"rendered":"<p><span style=\"font-size: 10pt;\"><em><span style=\"color: #808080; font-family: helvetica, arial, sans-serif;\">9 g<\/span><\/em><\/span><\/p>\n<p><span style=\"font-family: helvetica, arial, sans-serif;\">Magnifica + Maximiza + Multiplica el <em>look<\/em> de tus pesta\u00f1as. \u00a1Intensidad total!<\/span><\/p>\n<ul>\n<li><span style=\"font-family: helvetica, arial, sans-serif;\">Ensancha y extiende con nuestro \u00fanica f\u00f3rmula especializada en ofrecer resultados multidireccionales.<\/span><\/li>\n<li><span style=\"font-family: helvetica, arial, sans-serif;\">Con 200% m\u00e1s volumen, \u00a1es como a\u00f1adir el grosor de dos pesta\u00f1as en una! Adem\u00e1s, observa pesta\u00f1as con 84% de apariencia m\u00e1s larga*.<\/span><\/li>\n<li><span style=\"font-family: helvetica, arial, sans-serif;\">El cepillo especial <em>Double Impact<\/em>&#x2122; est\u00e1 dise\u00f1ado para engrosar mientras cepilla para alargar el aspecto de las pesta\u00f1as.<\/span><\/li>\n<li><span style=\"font-family: helvetica, arial, sans-serif;\">El pigmento rico en minerales y de alto impacto envuelve cada pesta\u00f1a en el tono negro perfecto.<\/span><\/li>\n<\/ul>\n","protected":false},"featured_media":18976,"comment_status":"closed","ping_status":"closed","template":"","meta":{"_acf_changed":false},"product_brand":[],"product_cat":[22,187,192,289],"product_tag":[],"class_list":{"0":"post-18741","1":"product","2":"type-product","3":"status-publish","4":"has-post-thumbnail","6":"product_cat-maquillaje","7":"product_cat-ojos","8":"product_cat-rimel-de-pestanas","9":"product_cat-seccion-1","11":"first","12":"instock","13":"shipping-taxable","14":"purchasable","15":"product-type-simple","16":"add-to-wishlist-before_image"},"acf":[],"_links":{"self":[{"href":"https:\/\/vuvogt.com\/maykay_sv\/wp-json\/wp\/v2\/product\/18741","targetHints":{"allow":["GET"]}}],"collection":[{"href":"https:\/\/vuvogt.com\/maykay_sv\/wp-json\/wp\/v2\/product"}],"about":[{"href":"https:\/\/vuvogt.com\/maykay_sv\/wp-json\/wp\/v2\/types\/product"}],"replies":[{"embeddable":true,"href":"https:\/\/vuvogt.com\/maykay_sv\/wp-json\/wp\/v2\/comments?post=18741"}],"wp:featuredmedia":[{"embeddable":true,"href":"https:\/\/vuvogt.com\/maykay_sv\/wp-json\/wp\/v2\/media\/18976"}],"wp:attachment":[{"href":"https:\/\/vuvogt.com\/maykay_sv\/wp-json\/wp\/v2\/media?parent=18741"}],"wp:term":[{"taxonomy":"product_brand","embeddable":true,"href":"https:\/\/vuvogt.com\/maykay_sv\/wp-json\/wp\/v2\/product_brand?post=18741"},{"taxonomy":"product_cat","embeddable":true,"href":"https:\/\/vuvogt.com\/maykay_sv\/wp-json\/wp\/v2\/product_cat?post=18741"},{"taxonomy":"product_tag","embeddable":true,"href":"https:\/\/vuvogt.com\/maykay_sv\/wp-json\/wp\/v2\/product_tag?post=18741"}],"curies":[{"name":"wp","href":"https:\/\/api.w.org\/{rel}","templated":true}]}}