{"id":18695,"date":"2020-08-18T19:13:11","date_gmt":"2020-08-18T19:13:11","guid":{"rendered":"http:\/\/pruebamasdel.ofimat.gt\/?post_type=#038&#038;p=18695"},"modified":"2024-11-17T17:00:31","modified_gmt":"2024-11-17T23:00:31","slug":"brush-cleanser","status":"publish","type":"product","link":"https:\/\/vuvogt.com\/maykay_sv\/producto\/brush-cleanser\/","title":{"rendered":"Limpiador de Brochas Mary kay\u00ae"},"content":{"rendered":"<p><span style=\"font-family: helvetica, arial, sans-serif;\">Dale a tus brochas el cuidado que merecen y ayuda a asegurar su pureza en s\u00f3lo minutos. Limpiar y guardar adecuadamente tus brochas de calidad profesional puede ayudar a que duren m\u00e1s tiempo y brindarte color fiel en cada aplicaci\u00f3n. Este limpiador que seca r\u00e1pidamente elimina la acumulaci\u00f3n de maquillaje en las brochas para ayudar a brindarte color fiel al tono entre aplicaciones de distintos tonos y texturas. Luego de usar el limpiador, las brochas se sienten y funcionan como nuevas otra vez. Tambi\u00e9n ayuda acondicionar las brochas y les da un aroma suave y fresco. Adecuado para piel sensible.<\/span><\/p>\n","protected":false},"excerpt":{"rendered":"<p><span style=\"font-size: 10pt; color: #808080;\"><em><span style=\"font-family: helvetica, arial, sans-serif;\">117 ml<\/span><\/em><\/span><\/p>\n<p><span style=\"font-family: helvetica, arial, sans-serif;\">Este limpiador que seca r\u00e1pidamente elimina los residuos de maquillaje de las brochas para brindarte higiene adecuada.<\/span><\/p>\n<ul>\n<li><span style=\"font-family: helvetica, arial, sans-serif;\">Ayuda a mantener la aplicaci\u00f3n de maquillaje fiel al tono entre aplicaciones de distintos tonos y texturas.<\/span><\/li>\n<li><span style=\"font-family: helvetica, arial, sans-serif;\">Ayuda a acondicionar las cerdas para proteger tu inversi\u00f3n.<\/span><\/li>\n<li><span style=\"font-family: helvetica, arial, sans-serif;\">Las brochas se sienten nuevas y funcionan como nuevas despu\u00e9s de usarlo.<\/span><\/li>\n<li><span style=\"font-family: helvetica, arial, sans-serif;\">Las brochas mantienen un olor limpio y fresco. Las brochas secan en su forma original.<\/span><\/li>\n<\/ul>\n","protected":false},"featured_media":18920,"comment_status":"closed","ping_status":"closed","template":"","meta":{"_acf_changed":false},"product_brand":[],"product_cat":[22,246,248,289],"product_tag":[],"class_list":{"0":"post-18695","1":"product","2":"type-product","3":"status-publish","4":"has-post-thumbnail","6":"product_cat-maquillaje","7":"product_cat-herramientas","8":"product_cat-brochas","9":"product_cat-seccion-1","11":"first","12":"outofstock","13":"shipping-taxable","14":"purchasable","15":"product-type-simple","16":"add-to-wishlist-before_image"},"acf":[],"_links":{"self":[{"href":"https:\/\/vuvogt.com\/maykay_sv\/wp-json\/wp\/v2\/product\/18695","targetHints":{"allow":["GET"]}}],"collection":[{"href":"https:\/\/vuvogt.com\/maykay_sv\/wp-json\/wp\/v2\/product"}],"about":[{"href":"https:\/\/vuvogt.com\/maykay_sv\/wp-json\/wp\/v2\/types\/product"}],"replies":[{"embeddable":true,"href":"https:\/\/vuvogt.com\/maykay_sv\/wp-json\/wp\/v2\/comments?post=18695"}],"wp:featuredmedia":[{"embeddable":true,"href":"https:\/\/vuvogt.com\/maykay_sv\/wp-json\/wp\/v2\/media\/18920"}],"wp:attachment":[{"href":"https:\/\/vuvogt.com\/maykay_sv\/wp-json\/wp\/v2\/media?parent=18695"}],"wp:term":[{"taxonomy":"product_brand","embeddable":true,"href":"https:\/\/vuvogt.com\/maykay_sv\/wp-json\/wp\/v2\/product_brand?post=18695"},{"taxonomy":"product_cat","embeddable":true,"href":"https:\/\/vuvogt.com\/maykay_sv\/wp-json\/wp\/v2\/product_cat?post=18695"},{"taxonomy":"product_tag","embeddable":true,"href":"https:\/\/vuvogt.com\/maykay_sv\/wp-json\/wp\/v2\/product_tag?post=18695"}],"curies":[{"name":"wp","href":"https:\/\/api.w.org\/{rel}","templated":true}]}}