{"id":18694,"date":"2020-08-18T19:13:09","date_gmt":"2020-08-18T19:13:09","guid":{"rendered":"http:\/\/pruebamasdel.ofimat.gt\/?post_type=#038&#038;p=18694"},"modified":"2024-05-29T10:58:43","modified_gmt":"2024-05-29T16:58:43","slug":"mascara-lash-love-length-black","status":"publish","type":"product","link":"https:\/\/vuvogt.com\/maykay_sv\/producto\/mascara-lash-love-length-black\/","title":{"rendered":"Mascara Lash Love Alargadora Mary Kay\u00ae"},"content":{"rendered":"<p><span style=\"font-family: helvetica, arial, sans-serif;\">Toda mujer desea unas pesta\u00f1as largas y coquetas que parecen interminables. Olvida las complicadas y costosas pesta\u00f1as postizas y extensiones. En lugar de esto, obt\u00e9n las pesta\u00f1as que siempre has deseado con la <em>Mascara Lash Love\u00ae Alargadora Mary Kay\u00ae<\/em>. Ayuda a lograr un largo de pesta\u00f1as audaz e intensificado al instante. \u00a1De hecho, una sofisticada tecnolog\u00eda de im\u00e1genes fotogr\u00e1ficas demuestra que esta f\u00f3rmula de larga duraci\u00f3n que no permite grumos ni escamas le da a las pesta\u00f1as una apariencia significativamente m\u00e1s larga con s\u00f3lo una capa!<\/span><\/p>\n<p><span style=\"font-family: helvetica, arial, sans-serif;\">Esta f\u00f3rmula especial contiene peque\u00f1as fibras dise\u00f1adas para extender cada pesta\u00f1a, desde la base hasta la punta para crear unas pesta\u00f1as visiblemente m\u00e1s largas. Sin embargo, las pesta\u00f1as se sienten suaves y saludables sin lucir tiesas.<\/span><\/p>\n","protected":false},"excerpt":{"rendered":"<p><em><span style=\"color: #808080; font-family: helvetica, arial, sans-serif; font-size: 10pt;\">8 g<\/span><\/em><\/p>\n<p><span style=\"font-family: helvetica, arial, sans-serif;\">Pesta\u00f1as largas, firmes y bien separadas. \u00bfA qui\u00e9n no le van a encantar?<\/span><\/p>\n<ul>\n<li><span style=\"font-family: helvetica, arial, sans-serif;\">Crea un largo de pesta\u00f1as audaz e intensificado al instante.<\/span><\/li>\n<li><span style=\"font-family: helvetica, arial, sans-serif;\">Levanta, riza y separa las pesta\u00f1as perfectamente.<\/span><\/li>\n<li><span style=\"font-family: helvetica, arial, sans-serif;\">Acondiciona y fortalece las pesta\u00f1as.<\/span><\/li>\n<li><span style=\"font-family: helvetica, arial, sans-serif;\">Su f\u00f3rmula no permite grumos o escamas, dura todo el d\u00eda, hasta por m\u00e1s de 10 horas.<\/span><\/li>\n<\/ul>\n","protected":false},"featured_media":18918,"comment_status":"closed","ping_status":"closed","template":"","meta":{"_acf_changed":false},"product_brand":[],"product_cat":[22,187,192,289],"product_tag":[],"class_list":{"0":"post-18694","1":"product","2":"type-product","3":"status-publish","4":"has-post-thumbnail","6":"product_cat-maquillaje","7":"product_cat-ojos","8":"product_cat-rimel-de-pestanas","9":"product_cat-seccion-1","11":"first","12":"instock","13":"shipping-taxable","14":"purchasable","15":"product-type-simple","16":"add-to-wishlist-before_image"},"acf":[],"_links":{"self":[{"href":"https:\/\/vuvogt.com\/maykay_sv\/wp-json\/wp\/v2\/product\/18694","targetHints":{"allow":["GET"]}}],"collection":[{"href":"https:\/\/vuvogt.com\/maykay_sv\/wp-json\/wp\/v2\/product"}],"about":[{"href":"https:\/\/vuvogt.com\/maykay_sv\/wp-json\/wp\/v2\/types\/product"}],"replies":[{"embeddable":true,"href":"https:\/\/vuvogt.com\/maykay_sv\/wp-json\/wp\/v2\/comments?post=18694"}],"wp:featuredmedia":[{"embeddable":true,"href":"https:\/\/vuvogt.com\/maykay_sv\/wp-json\/wp\/v2\/media\/18918"}],"wp:attachment":[{"href":"https:\/\/vuvogt.com\/maykay_sv\/wp-json\/wp\/v2\/media?parent=18694"}],"wp:term":[{"taxonomy":"product_brand","embeddable":true,"href":"https:\/\/vuvogt.com\/maykay_sv\/wp-json\/wp\/v2\/product_brand?post=18694"},{"taxonomy":"product_cat","embeddable":true,"href":"https:\/\/vuvogt.com\/maykay_sv\/wp-json\/wp\/v2\/product_cat?post=18694"},{"taxonomy":"product_tag","embeddable":true,"href":"https:\/\/vuvogt.com\/maykay_sv\/wp-json\/wp\/v2\/product_tag?post=18694"}],"curies":[{"name":"wp","href":"https:\/\/api.w.org\/{rel}","templated":true}]}}