{"id":18664,"date":"2020-08-18T19:12:27","date_gmt":"2020-08-19T01:12:27","guid":{"rendered":"http:\/\/pruebamasdel.ofimat.gt\/?post_type=#038&#038;p=18664"},"modified":"2026-02-12T12:05:04","modified_gmt":"2026-02-12T18:05:04","slug":"pressed-powder-mineral-beige-1","status":"publish","type":"product","link":"https:\/\/vuvogt.com\/maykay_sv\/producto\/pressed-powder-mineral-beige-1\/","title":{"rendered":"Polvos compactos Trasl\u00facidos"},"content":{"rendered":"<p><span style=\"font-family: helvetica, arial, sans-serif;\">Transl\u00facido, sedoso y luminoso. El polvo compacto trasl\u00facido\u00a0 ayuda a minimizar la apariencia de l\u00edneas, intensifica la luminosidad y da un color reluciente. Y como tiene vitamina E, la f\u00f3rmula con base mineral es un gran beneficio para tu piel. Tambi\u00e9n brinda una cobertura ligera, no se asienta en las l\u00edneas finas y arrugas; brinda larga duraci\u00f3n; mantiene el maquillaje luciendo fresco durante el d\u00eda; adecuado para piel sensible y dermatol\u00f3gicamente probado; est\u00e1 cl\u00ednicamente probado para irritaci\u00f3n de piel y alergias; sin aceites y no comedog\u00e9nico.<\/span><\/p>\n","protected":false},"excerpt":{"rendered":"<p><span style=\"font-family: helvetica, arial, sans-serif;\">es un polvo ultrafino y ligero que imparte una capa invisible que absorbe la grasa para mantener el maquillaje luciendo fresco a lo largo del d\u00eda.<\/span><\/p>\n<ul>\n<li><span style=\"font-family: helvetica, arial, sans-serif;\">Se aplica suavemente y brinda un acabado de apariencia natural.<\/span><\/li>\n<li><span style=\"font-family: helvetica, arial, sans-serif;\">La f\u00f3rmula con base de minerales es un gran beneficio para tu piel.<\/span><\/li>\n<li><span style=\"font-family: helvetica, arial, sans-serif;\">Ayuda a controlar el brillo y el exceso de grasa hasta por ocho horas.<\/span><\/li>\n<li><span style=\"font-family: helvetica, arial, sans-serif;\">Ayuda a reducir la apariencia de l\u00edneas, intensifica la luminosidad y brinda un color reluciente.\u00a0<\/span><\/li>\n<\/ul>\n","protected":false},"featured_media":27476,"comment_status":"closed","ping_status":"closed","template":"","meta":{"_acf_changed":false},"product_brand":[],"product_cat":[194,199,289],"product_tag":[],"class_list":{"0":"post-18664","1":"product","2":"type-product","3":"status-publish","4":"has-post-thumbnail","6":"product_cat-rostro","7":"product_cat-polvos-compactos","8":"product_cat-seccion-1","10":"first","11":"outofstock","12":"shipping-taxable","13":"purchasable","14":"product-type-variable","15":"add-to-wishlist-before_image"},"acf":[],"_links":{"self":[{"href":"https:\/\/vuvogt.com\/maykay_sv\/wp-json\/wp\/v2\/product\/18664","targetHints":{"allow":["GET"]}}],"collection":[{"href":"https:\/\/vuvogt.com\/maykay_sv\/wp-json\/wp\/v2\/product"}],"about":[{"href":"https:\/\/vuvogt.com\/maykay_sv\/wp-json\/wp\/v2\/types\/product"}],"replies":[{"embeddable":true,"href":"https:\/\/vuvogt.com\/maykay_sv\/wp-json\/wp\/v2\/comments?post=18664"}],"wp:featuredmedia":[{"embeddable":true,"href":"https:\/\/vuvogt.com\/maykay_sv\/wp-json\/wp\/v2\/media\/27476"}],"wp:attachment":[{"href":"https:\/\/vuvogt.com\/maykay_sv\/wp-json\/wp\/v2\/media?parent=18664"}],"wp:term":[{"taxonomy":"product_brand","embeddable":true,"href":"https:\/\/vuvogt.com\/maykay_sv\/wp-json\/wp\/v2\/product_brand?post=18664"},{"taxonomy":"product_cat","embeddable":true,"href":"https:\/\/vuvogt.com\/maykay_sv\/wp-json\/wp\/v2\/product_cat?post=18664"},{"taxonomy":"product_tag","embeddable":true,"href":"https:\/\/vuvogt.com\/maykay_sv\/wp-json\/wp\/v2\/product_tag?post=18664"}],"curies":[{"name":"wp","href":"https:\/\/api.w.org\/{rel}","templated":true}]}}