{"id":101015,"date":"2025-11-27T10:53:16","date_gmt":"2025-11-27T16:53:16","guid":{"rendered":"https:\/\/vuvogt.com\/maykay_sv\/?post_type=product&#038;p=101015"},"modified":"2026-02-12T12:05:04","modified_gmt":"2026-02-12T18:05:04","slug":"mary-kay-chromafusion-highlighter","status":"publish","type":"product","link":"https:\/\/vuvogt.com\/maykay_sv\/producto\/mary-kay-chromafusion-highlighter\/","title":{"rendered":"Iluminador Chromafusion\u00ae Mary Kay\u00ae"},"content":{"rendered":"<p><span style=\"font-family: helvetica, arial, sans-serif;\">El polvo sin peso brinda pureza de color para un acabado radiante y natural.<\/span><br \/>\n<span style=\"font-family: helvetica, arial, sans-serif;\">Los tonos son el resultado de la colaboraci\u00f3n de nuestro equipo de color<\/span><br \/>\n<span style=\"font-family: helvetica, arial, sans-serif;\">global Mary Kay con maquilladores y expertos de la industria para<\/span><br \/>\n<span style=\"font-family: helvetica, arial, sans-serif;\">ayudar a garantizar un calor favorecedor en cada tono de piel. Los tonos se<\/span><br \/>\n<span style=\"font-family: helvetica, arial, sans-serif;\">construyen y mezclan con facilidad<\/span><\/p>\n","protected":false},"excerpt":{"rendered":"<p><span style=\"font-family: helvetica, arial, sans-serif; color: #808080;\">4.8g<\/span><\/p>\n<p><span lang=\"es\" style=\"font-family: helvetica, arial, sans-serif;\" tabindex=\"0\">Recomendamos aplicar Mary Kay Chromafusion\u00ae Contour con el Mary Kay\u00ae Cheek Brush. Use el borde largo y c\u00f3nico para una apariencia m\u00e1s contorneada y el borde m\u00e1s corto para mayor precisi\u00f3n al aplicar el contorno debajo de los p\u00f3mulos. Tambi\u00e9n puede usar el pincel Mary Kay\u00ae Eye Crease Brush para contornear a lo largo de los lados de la nariz..<\/span><\/p>\n","protected":false},"featured_media":27308,"comment_status":"closed","ping_status":"closed","template":"","meta":{"_acf_changed":false},"product_brand":[],"product_cat":[255,257,289],"product_tag":[],"class_list":{"0":"post-101015","1":"product","2":"type-product","3":"status-publish","4":"has-post-thumbnail","6":"product_cat-mejillas","7":"product_cat-contorno-e-iluminador","8":"product_cat-seccion-1","10":"first","11":"outofstock","12":"shipping-taxable","13":"purchasable","14":"product-type-variable","15":"add-to-wishlist-before_image"},"acf":[],"_links":{"self":[{"href":"https:\/\/vuvogt.com\/maykay_sv\/wp-json\/wp\/v2\/product\/101015","targetHints":{"allow":["GET"]}}],"collection":[{"href":"https:\/\/vuvogt.com\/maykay_sv\/wp-json\/wp\/v2\/product"}],"about":[{"href":"https:\/\/vuvogt.com\/maykay_sv\/wp-json\/wp\/v2\/types\/product"}],"replies":[{"embeddable":true,"href":"https:\/\/vuvogt.com\/maykay_sv\/wp-json\/wp\/v2\/comments?post=101015"}],"wp:featuredmedia":[{"embeddable":true,"href":"https:\/\/vuvogt.com\/maykay_sv\/wp-json\/wp\/v2\/media\/27308"}],"wp:attachment":[{"href":"https:\/\/vuvogt.com\/maykay_sv\/wp-json\/wp\/v2\/media?parent=101015"}],"wp:term":[{"taxonomy":"product_brand","embeddable":true,"href":"https:\/\/vuvogt.com\/maykay_sv\/wp-json\/wp\/v2\/product_brand?post=101015"},{"taxonomy":"product_cat","embeddable":true,"href":"https:\/\/vuvogt.com\/maykay_sv\/wp-json\/wp\/v2\/product_cat?post=101015"},{"taxonomy":"product_tag","embeddable":true,"href":"https:\/\/vuvogt.com\/maykay_sv\/wp-json\/wp\/v2\/product_tag?post=101015"}],"curies":[{"name":"wp","href":"https:\/\/api.w.org\/{rel}","templated":true}]}}