{"id":100316,"date":"2025-11-12T00:00:21","date_gmt":"2025-11-12T06:00:21","guid":{"rendered":"http:\/\/pruebamasdel.ofimat.gt\/?post_type=#038&#038;p=100316"},"modified":"2026-02-06T14:38:18","modified_gmt":"2026-02-06T20:38:18","slug":"roller-de-60-aniversario","status":"publish","type":"product","link":"https:\/\/vuvogt.com\/maykay_sv\/producto\/roller-de-60-aniversario\/","title":{"rendered":"Rollo Rosa Mary Kay\u00ae &#8211; C\/G"},"content":{"rendered":"<p><strong>\u00a1Ll\u00e9nalo, \u00dasalo, \u00c1malo!<\/strong><\/p>\n<p>\u00a1TU ALIADO ESTRATEGICO PARA MAXIMIZAR TUS VENTAS!<\/p>\n<p>Tu rollo est\u00e1 dise\u00f1ado para ofrecer una experiencia completa de cuidado de la piel y maquillaje, donde cada compartimiento cumple un prop\u00f3sito clave para una piel saludable y radiante.<\/p>\n","protected":false},"excerpt":{"rendered":"<p><strong>\u00a1Ll\u00e9nalo, \u00dasalo, \u00c1malo!<\/strong><\/p>\n<p>\u00a1TU ALIADO ESTRATEGICO PARA MAXIMIZAR TUS VENTAS!<\/p>\n<p>Tu rollo est\u00e1 dise\u00f1ado para ofrecer una experiencia completa de cuidado de la piel y maquillaje, donde cada compartimiento cumple un prop\u00f3sito clave para una piel saludable y radiante.<\/p>\n","protected":false},"featured_media":101058,"comment_status":"closed","ping_status":"closed","template":"","meta":{"_acf_changed":false},"product_brand":[],"product_cat":[532,17,266,289],"product_tag":[],"class_list":{"0":"post-100316","1":"product","2":"type-product","3":"status-publish","4":"has-post-thumbnail","6":"product_cat-tu-rollo-esencialidad-mary-kay","7":"product_cat-uncategorized","8":"product_cat-promociones","9":"product_cat-seccion-1","11":"first","12":"instock","13":"shipping-taxable","14":"purchasable","15":"product-type-simple","16":"add-to-wishlist-before_image"},"acf":[],"_links":{"self":[{"href":"https:\/\/vuvogt.com\/maykay_sv\/wp-json\/wp\/v2\/product\/100316","targetHints":{"allow":["GET"]}}],"collection":[{"href":"https:\/\/vuvogt.com\/maykay_sv\/wp-json\/wp\/v2\/product"}],"about":[{"href":"https:\/\/vuvogt.com\/maykay_sv\/wp-json\/wp\/v2\/types\/product"}],"replies":[{"embeddable":true,"href":"https:\/\/vuvogt.com\/maykay_sv\/wp-json\/wp\/v2\/comments?post=100316"}],"wp:featuredmedia":[{"embeddable":true,"href":"https:\/\/vuvogt.com\/maykay_sv\/wp-json\/wp\/v2\/media\/101058"}],"wp:attachment":[{"href":"https:\/\/vuvogt.com\/maykay_sv\/wp-json\/wp\/v2\/media?parent=100316"}],"wp:term":[{"taxonomy":"product_brand","embeddable":true,"href":"https:\/\/vuvogt.com\/maykay_sv\/wp-json\/wp\/v2\/product_brand?post=100316"},{"taxonomy":"product_cat","embeddable":true,"href":"https:\/\/vuvogt.com\/maykay_sv\/wp-json\/wp\/v2\/product_cat?post=100316"},{"taxonomy":"product_tag","embeddable":true,"href":"https:\/\/vuvogt.com\/maykay_sv\/wp-json\/wp\/v2\/product_tag?post=100316"}],"curies":[{"name":"wp","href":"https:\/\/api.w.org\/{rel}","templated":true}]}}